{"id":216,"date":"2026-03-15T09:53:42","date_gmt":"2026-03-15T09:53:42","guid":{"rendered":"https:\/\/davidchamba.fr\/?page_id=216"},"modified":"2026-04-02T20:22:45","modified_gmt":"2026-04-02T20:22:45","slug":"a-propos","status":"publish","type":"page","link":"https:\/\/davidchamba.fr\/index.php\/a-propos\/","title":{"rendered":"\u00c0 propos"},"content":{"rendered":"\t\t<div data-elementor-type=\"wp-page\" data-elementor-id=\"216\" class=\"elementor elementor-216\">\n\t\t\t\t<div class=\"elementor-element elementor-element-e13e65d e-flex e-con-boxed e-con e-parent\" data-id=\"e13e65d\" data-element_type=\"container\" data-e-type=\"container\" data-settings=\"{&quot;background_background&quot;:&quot;classic&quot;}\">\n\t\t\t\t\t<div class=\"e-con-inner\">\n\t\t<div class=\"elementor-element elementor-element-3f118f1 e-con-full e-flex e-con e-child\" data-id=\"3f118f1\" data-element_type=\"container\" data-e-type=\"container\">\n\t\t\t\t<div class=\"elementor-element elementor-element-4e6bc14 elementor-widget elementor-widget-image\" data-id=\"4e6bc14\" data-element_type=\"widget\" data-e-type=\"widget\" data-widget_type=\"image.default\">\n\t\t\t\t\t\t\t\t\t\t\t\t\t\t\t<img decoding=\"async\" width=\"41\" height=\"41\" src=\"https:\/\/davidchamba.fr\/wp-content\/uploads\/2026\/03\/micro-jaune-01.svg\" class=\"attachment-large size-large wp-image-630\" alt=\"\" \/>\t\t\t\t\t\t\t\t\t\t\t\t\t\t\t<\/div>\n\t\t\t\t<div class=\"elementor-element elementor-element-f353fbc elementor-widget elementor-widget-heading\" data-id=\"f353fbc\" data-element_type=\"widget\" data-e-type=\"widget\" data-widget_type=\"heading.default\">\n\t\t\t\t\t<h3 class=\"elementor-heading-title elementor-size-default\">david chamba<\/h3>\t\t\t\t<\/div>\n\t\t\t\t<div class=\"elementor-element elementor-element-5d8e6f6 elementor-widget elementor-widget-heading\" data-id=\"5d8e6f6\" data-element_type=\"widget\" data-e-type=\"widget\" data-widget_type=\"heading.default\">\n\t\t\t\t\t<h2 class=\"elementor-heading-title elementor-size-default\">Qui se cache derri\u00e8re le micro ?\n<\/h2>\t\t\t\t<\/div>\n\t\t<div class=\"elementor-element elementor-element-7715e14 e-con-full e-flex e-con e-child\" data-id=\"7715e14\" data-element_type=\"container\" data-e-type=\"container\">\n\t\t<div class=\"elementor-element elementor-element-ff08144 e-con-full e-flex e-con e-child\" data-id=\"ff08144\" data-element_type=\"container\" data-e-type=\"container\">\n\t\t\t\t<div class=\"elementor-element elementor-element-a10a373 elementor-widget elementor-widget-text-editor\" data-id=\"a10a373\" data-element_type=\"widget\" data-e-type=\"widget\" data-widget_type=\"text-editor.default\">\n\t\t\t\t\t\t\t\t\t<p>Je suis <strong>David Chamba,<\/strong> n\u00e9 dans la r\u00e9gion lyonnaise en 1990 et tr\u00e8s jeune j&#8217;ai \u00e9t\u00e9 passionn\u00e9 par la voix. J&#8217;ai eu le chance de grandir avec les voix mythiques du doublage dans les oreilles.<br \/>D&#8217;abord attir\u00e9 par une carri\u00e8re dans le sociale, en \u00e9cole primaire entant qu&#8217;AVS, puis de moniteur \u00e9ducateur en foyer. Mais la vie par de grands tumultes a toujours le don de nous r\u00e9orienter vers un autre chemin.<\/p><p>C&#8217;est donc bien des ann\u00e9es apr\u00e8s que je me suis laiss\u00e9 aller au r\u00eave d&#8217;enfant qui \u00e9tait rest\u00e9 bien vivant en moi, vivre de ma voix, faire vibrer les \u00e9motions des autres.<\/p><p><strong>Depuis 2025,<\/strong> j&#8217;ai rejoint l&#8217;\u00e9quipe de narrateurs de Warhammer 40.000 pour leur premier partenariat avec Audible sur la trilogie &#8220;Ravenor&#8221;.<br \/>Mais c&#8217;est surtout pour mon travail en publicit\u00e9 et institutionnel qu&#8217;on me connait. J&#8217;ai eu l&#8217;honneur de pr\u00eater ma voix \u00e0 de grands groupes tel que Barilla, Harrys, Stanley, Leclerc, Paris Match, Berkley, Euromaster&#8230;<\/p>\t\t\t\t\t\t\t\t<\/div>\n\t\t\t\t<\/div>\n\t\t<div class=\"elementor-element elementor-element-6bec95c e-con-full e-flex e-con e-child\" data-id=\"6bec95c\" data-element_type=\"container\" data-e-type=\"container\">\n\t\t\t\t<div class=\"elementor-element elementor-element-4894fde elementor-widget elementor-widget-text-editor\" data-id=\"4894fde\" data-element_type=\"widget\" data-e-type=\"widget\" data-widget_type=\"text-editor.default\">\n\t\t\t\t\t\t\t\t\t<p><strong>Je travail \u00e9galement dans les autres domaines de la voix off,<\/strong> documentaire, voiceover, fiction sonore, motion design, podcast&#8230; Une palette large pour r\u00e9pondre \u00e0 vos besoins les plus pr\u00e9cis.<\/p><p>C&#8217;est dans le th\u00e9\u00e2tre d&#8217;improvisation que je pofine mon interpr\u00e9tation chaque semaines, \u00e9l\u00e9ment essentiel pour mon m\u00e9tier de com\u00e9dien voix off. Cela offre un l\u00e2ch\u00e9 prise qui me permet de m&#8217;adapter \u00e0 l&#8217;ambiance de vos projets.<\/p><p><strong>Un jeu d&#8217;acteur est essentiel<\/strong> pour trouver au plus vite le ton et l&#8217;interpr\u00e9ter le plus justement possible pour donner \u00e0 vos cr\u00e9ations l&#8217;impacte audio qu&#8217;elles m\u00e9ritent.<\/p><p><strong>Cette exigeance et cet investissement dans mon travail sont cruciaux et me permettent de cr\u00e9er des liens de confiance avec mes clients.<\/strong><\/p><p>Voil\u00e0, vous en savez un peu plus, pour le reste, vous le d\u00e9couvrirez peut-etre lors de nos collaborations..<\/p>\t\t\t\t\t\t\t\t<\/div>\n\t\t\t\t<\/div>\n\t\t\t\t<\/div>\n\t\t\t\t<\/div>\n\t\t<div class=\"elementor-element elementor-element-47f6de3 e-con-full e-flex e-con e-child\" data-id=\"47f6de3\" data-element_type=\"container\" data-e-type=\"container\" data-settings=\"{&quot;background_background&quot;:&quot;classic&quot;}\">\n\t\t\t\t<\/div>\n\t\t\t\t\t<\/div>\n\t\t\t\t<\/div>\n\t\t\t\t<\/div>\n\t\t","protected":false},"excerpt":{"rendered":"<p>david chamba Qui se cache derri\u00e8re le micro ? Je suis David Chamba, n\u00e9 dans la r\u00e9gion lyonnaise en 1990 et tr\u00e8s jeune j&#8217;ai \u00e9t\u00e9 passionn\u00e9 par la voix. J&#8217;ai eu le chance de grandir avec les voix mythiques du doublage dans les oreilles.D&#8217;abord attir\u00e9 par une carri\u00e8re dans le sociale, en \u00e9cole primaire entant [&hellip;]<\/p>\n","protected":false},"author":1,"featured_media":0,"parent":0,"menu_order":0,"comment_status":"closed","ping_status":"closed","template":"","meta":{"footnotes":""},"class_list":["post-216","page","type-page","status-publish","hentry"],"_links":{"self":[{"href":"https:\/\/davidchamba.fr\/index.php\/wp-json\/wp\/v2\/pages\/216","targetHints":{"allow":["GET"]}}],"collection":[{"href":"https:\/\/davidchamba.fr\/index.php\/wp-json\/wp\/v2\/pages"}],"about":[{"href":"https:\/\/davidchamba.fr\/index.php\/wp-json\/wp\/v2\/types\/page"}],"author":[{"embeddable":true,"href":"https:\/\/davidchamba.fr\/index.php\/wp-json\/wp\/v2\/users\/1"}],"replies":[{"embeddable":true,"href":"https:\/\/davidchamba.fr\/index.php\/wp-json\/wp\/v2\/comments?post=216"}],"version-history":[{"count":43,"href":"https:\/\/davidchamba.fr\/index.php\/wp-json\/wp\/v2\/pages\/216\/revisions"}],"predecessor-version":[{"id":1038,"href":"https:\/\/davidchamba.fr\/index.php\/wp-json\/wp\/v2\/pages\/216\/revisions\/1038"}],"wp:attachment":[{"href":"https:\/\/davidchamba.fr\/index.php\/wp-json\/wp\/v2\/media?parent=216"}],"curies":[{"name":"wp","href":"https:\/\/api.w.org\/{rel}","templated":true}]}}