{"id":210,"date":"2026-03-15T09:52:05","date_gmt":"2026-03-15T09:52:05","guid":{"rendered":"https:\/\/davidchamba.fr\/?page_id=210"},"modified":"2026-04-02T20:23:41","modified_gmt":"2026-04-02T20:23:41","slug":"studio","status":"publish","type":"page","link":"https:\/\/davidchamba.fr\/index.php\/studio\/","title":{"rendered":"Studio"},"content":{"rendered":"\t\t<div data-elementor-type=\"wp-page\" data-elementor-id=\"210\" class=\"elementor elementor-210\">\n\t\t\t\t<div class=\"elementor-element elementor-element-693b58b e-flex e-con-boxed e-con e-parent\" data-id=\"693b58b\" data-element_type=\"container\" data-e-type=\"container\" data-settings=\"{&quot;background_background&quot;:&quot;classic&quot;}\">\n\t\t\t\t\t<div class=\"e-con-inner\">\n\t\t<div class=\"elementor-element elementor-element-046a94b e-con-full e-flex e-con e-child\" data-id=\"046a94b\" data-element_type=\"container\" data-e-type=\"container\">\n\t\t\t\t<div class=\"elementor-element elementor-element-48edb09 elementor-widget elementor-widget-image\" data-id=\"48edb09\" data-element_type=\"widget\" data-e-type=\"widget\" data-widget_type=\"image.default\">\n\t\t\t\t\t\t\t\t\t\t\t\t\t\t\t<img decoding=\"async\" width=\"41\" height=\"41\" src=\"https:\/\/davidchamba.fr\/wp-content\/uploads\/2026\/03\/son-jaune.svg\" class=\"attachment-large size-large wp-image-54\" alt=\"\" \/>\t\t\t\t\t\t\t\t\t\t\t\t\t\t\t<\/div>\n\t\t\t\t<div class=\"elementor-element elementor-element-f43c26a elementor-widget elementor-widget-heading\" data-id=\"f43c26a\" data-element_type=\"widget\" data-e-type=\"widget\" data-widget_type=\"heading.default\">\n\t\t\t\t\t<h3 class=\"elementor-heading-title elementor-size-default\">le studio<\/h3>\t\t\t\t<\/div>\n\t\t\t\t<div class=\"elementor-element elementor-element-1182a2c elementor-widget elementor-widget-heading\" data-id=\"1182a2c\" data-element_type=\"widget\" data-e-type=\"widget\" data-widget_type=\"heading.default\">\n\t\t\t\t\t<h2 class=\"elementor-heading-title elementor-size-default\">Envie de d\u00e9couvrir l'envers du d\u00e9cor ?<\/h2>\t\t\t\t<\/div>\n\t\t<div class=\"elementor-element elementor-element-b5fcf91 e-con-full e-flex e-con e-child\" data-id=\"b5fcf91\" data-element_type=\"container\" data-e-type=\"container\">\n\t\t\t\t<div class=\"elementor-element elementor-element-8683589 elementor-widget elementor-widget-text-editor\" data-id=\"8683589\" data-element_type=\"widget\" data-e-type=\"widget\" data-widget_type=\"text-editor.default\">\n\t\t\t\t\t\t\t\t\tUn enregistrement sans compromis, une qualit\u00e9 broadcast et la possibilit\u00e9 de travailler avec le monde entier \u00e0 distance via des sessions live; voil\u00e0 ce que vous offre mon studio. Il a \u00e9t\u00e9 pens\u00e9 pour r\u00e9pondre aux normes professionnelles et dans la volont\u00e9 de vous satisfaire pleinement. \t\t\t\t\t\t\t\t<\/div>\n\t\t\t\t<\/div>\n\t\t\t\t<\/div>\n\t\t<div class=\"elementor-element elementor-element-da298fd e-con-full e-flex e-con e-child\" data-id=\"da298fd\" data-element_type=\"container\" data-e-type=\"container\" data-settings=\"{&quot;background_background&quot;:&quot;classic&quot;}\">\n\t\t\t\t<\/div>\n\t\t\t\t\t<\/div>\n\t\t\t\t<\/div>\n\t\t<div class=\"elementor-element elementor-element-91bda6d e-flex e-con-boxed e-con e-parent\" data-id=\"91bda6d\" data-element_type=\"container\" data-e-type=\"container\">\n\t\t\t\t\t<div class=\"e-con-inner\">\n\t\t<div class=\"elementor-element elementor-element-e3b23ec e-con-full e-flex e-con e-child\" data-id=\"e3b23ec\" data-element_type=\"container\" data-e-type=\"container\">\n\t\t<div class=\"elementor-element elementor-element-40eebaa e-con-full e-flex e-con e-child\" data-id=\"40eebaa\" data-element_type=\"container\" data-e-type=\"container\">\n\t\t\t\t<div class=\"elementor-element elementor-element-072fc81 elementor-widget elementor-widget-image\" data-id=\"072fc81\" data-element_type=\"widget\" data-e-type=\"widget\" data-widget_type=\"image.default\">\n\t\t\t\t\t\t\t\t\t\t\t\t\t\t\t<img fetchpriority=\"high\" decoding=\"async\" width=\"400\" height=\"400\" src=\"https:\/\/davidchamba.fr\/wp-content\/uploads\/2026\/03\/micro.jpg\" class=\"attachment-large size-large wp-image-840\" alt=\"\" srcset=\"https:\/\/davidchamba.fr\/wp-content\/uploads\/2026\/03\/micro.jpg 400w, https:\/\/davidchamba.fr\/wp-content\/uploads\/2026\/03\/micro-300x300.jpg 300w, https:\/\/davidchamba.fr\/wp-content\/uploads\/2026\/03\/micro-150x150.jpg 150w\" sizes=\"(max-width: 400px) 100vw, 400px\" \/>\t\t\t\t\t\t\t\t\t\t\t\t\t\t\t<\/div>\n\t\t\t\t<\/div>\n\t\t<div class=\"elementor-element elementor-element-9943729 e-con-full e-flex e-con e-child\" data-id=\"9943729\" data-element_type=\"container\" data-e-type=\"container\">\n\t\t\t\t<div class=\"elementor-element elementor-element-7935175 elementor-widget elementor-widget-heading\" data-id=\"7935175\" data-element_type=\"widget\" data-e-type=\"widget\" data-widget_type=\"heading.default\">\n\t\t\t\t\t<h4 class=\"elementor-heading-title elementor-size-default\">Micro<\/h4>\t\t\t\t<\/div>\n\t\t\t\t<div class=\"elementor-element elementor-element-9a14345 elementor-widget elementor-widget-heading\" data-id=\"9a14345\" data-element_type=\"widget\" data-e-type=\"widget\" data-widget_type=\"heading.default\">\n\t\t\t\t\t<h3 class=\"elementor-heading-title elementor-size-default\">Lewitt 540 subzero<\/h3>\t\t\t\t<\/div>\n\t\t\t\t<div class=\"elementor-element elementor-element-c95dcd5 elementor-widget elementor-widget-text-editor\" data-id=\"c95dcd5\" data-element_type=\"widget\" data-e-type=\"widget\" data-widget_type=\"text-editor.default\">\n\t\t\t\t\t\t\t\t\tJ&#8217;ai choisi le Lewitt 540 subzero pour son buit propre inf\u00e9rieur \u00e0 ce que l&#8217;oreille humaine peut percevoir, mais au del\u00e0 d&#8217;\u00eatre tr\u00e8s silencieux, c&#8217;est surtout sa claret\u00e9 qui m&#8217;a impressionn\u00e9. Je peux ainsi vous envoyer des enregistrements o\u00f9 tous les d\u00e9tails de ma voix son retranscrits assurant ainsi un rendu fid\u00e8le et d&#8217;une pr\u00e9cision remarcable.\t\t\t\t\t\t\t\t<\/div>\n\t\t\t\t<\/div>\n\t\t\t\t<\/div>\n\t\t\t\t<div class=\"elementor-element elementor-element-98a793d elementor-widget-divider--view-line elementor-widget elementor-widget-divider\" data-id=\"98a793d\" data-element_type=\"widget\" data-e-type=\"widget\" data-widget_type=\"divider.default\">\n\t\t\t\t\t\t\t<div class=\"elementor-divider\">\n\t\t\t<span class=\"elementor-divider-separator\">\n\t\t\t\t\t\t<\/span>\n\t\t<\/div>\n\t\t\t\t\t\t<\/div>\n\t\t<div class=\"elementor-element elementor-element-3942fdb e-con-full e-flex e-con e-child\" data-id=\"3942fdb\" data-element_type=\"container\" data-e-type=\"container\">\n\t\t<div class=\"elementor-element elementor-element-96d1c7b e-con-full e-flex e-con e-child\" data-id=\"96d1c7b\" data-element_type=\"container\" data-e-type=\"container\">\n\t\t\t\t<div class=\"elementor-element elementor-element-eeb7eb1 elementor-widget elementor-widget-image\" data-id=\"eeb7eb1\" data-element_type=\"widget\" data-e-type=\"widget\" data-widget_type=\"image.default\">\n\t\t\t\t\t\t\t\t\t\t\t\t\t\t\t<img decoding=\"async\" width=\"400\" height=\"400\" src=\"https:\/\/davidchamba.fr\/wp-content\/uploads\/2026\/03\/carte-son.jpg\" class=\"attachment-large size-large wp-image-847\" alt=\"\" srcset=\"https:\/\/davidchamba.fr\/wp-content\/uploads\/2026\/03\/carte-son.jpg 400w, https:\/\/davidchamba.fr\/wp-content\/uploads\/2026\/03\/carte-son-300x300.jpg 300w, https:\/\/davidchamba.fr\/wp-content\/uploads\/2026\/03\/carte-son-150x150.jpg 150w\" sizes=\"(max-width: 400px) 100vw, 400px\" \/>\t\t\t\t\t\t\t\t\t\t\t\t\t\t\t<\/div>\n\t\t\t\t<\/div>\n\t\t<div class=\"elementor-element elementor-element-375ecdb e-con-full e-flex e-con e-child\" data-id=\"375ecdb\" data-element_type=\"container\" data-e-type=\"container\">\n\t\t\t\t<div class=\"elementor-element elementor-element-5085100 elementor-widget elementor-widget-heading\" data-id=\"5085100\" data-element_type=\"widget\" data-e-type=\"widget\" data-widget_type=\"heading.default\">\n\t\t\t\t\t<h4 class=\"elementor-heading-title elementor-size-default\">Carte son<\/h4>\t\t\t\t<\/div>\n\t\t\t\t<div class=\"elementor-element elementor-element-d8b8867 elementor-widget elementor-widget-heading\" data-id=\"d8b8867\" data-element_type=\"widget\" data-e-type=\"widget\" data-widget_type=\"heading.default\">\n\t\t\t\t\t<h3 class=\"elementor-heading-title elementor-size-default\">SSL2+<\/h3>\t\t\t\t<\/div>\n\t\t\t\t<div class=\"elementor-element elementor-element-4465746 elementor-widget elementor-widget-text-editor\" data-id=\"4465746\" data-element_type=\"widget\" data-e-type=\"widget\" data-widget_type=\"text-editor.default\">\n\t\t\t\t\t\t\t\t\tLa SSL2+ est une r\u00e9f\u00e9rence dans le domaine et ses qualit\u00e9s ne sont plus \u00e0 prouver, j&#8217;ai donc naturellement opt\u00e9 pour cette carte de son largement salu\u00e9e par les professionnels du son.\t\t\t\t\t\t\t\t<\/div>\n\t\t\t\t<\/div>\n\t\t\t\t<\/div>\n\t\t\t\t<div class=\"elementor-element elementor-element-0d3eff1 elementor-widget-divider--view-line elementor-widget elementor-widget-divider\" data-id=\"0d3eff1\" data-element_type=\"widget\" data-e-type=\"widget\" data-widget_type=\"divider.default\">\n\t\t\t\t\t\t\t<div class=\"elementor-divider\">\n\t\t\t<span class=\"elementor-divider-separator\">\n\t\t\t\t\t\t<\/span>\n\t\t<\/div>\n\t\t\t\t\t\t<\/div>\n\t\t<div class=\"elementor-element elementor-element-106862b e-con-full e-flex e-con e-child\" data-id=\"106862b\" data-element_type=\"container\" data-e-type=\"container\">\n\t\t<div class=\"elementor-element elementor-element-6a474c1 e-con-full e-flex e-con e-child\" data-id=\"6a474c1\" data-element_type=\"container\" data-e-type=\"container\">\n\t\t\t\t<div class=\"elementor-element elementor-element-659689b elementor-widget elementor-widget-image\" data-id=\"659689b\" data-element_type=\"widget\" data-e-type=\"widget\" data-widget_type=\"image.default\">\n\t\t\t\t\t\t\t\t\t\t\t\t\t\t\t<img loading=\"lazy\" decoding=\"async\" width=\"400\" height=\"400\" src=\"https:\/\/davidchamba.fr\/wp-content\/uploads\/2026\/03\/casque.jpg\" class=\"attachment-large size-large wp-image-845\" alt=\"\" srcset=\"https:\/\/davidchamba.fr\/wp-content\/uploads\/2026\/03\/casque.jpg 400w, https:\/\/davidchamba.fr\/wp-content\/uploads\/2026\/03\/casque-300x300.jpg 300w, https:\/\/davidchamba.fr\/wp-content\/uploads\/2026\/03\/casque-150x150.jpg 150w\" sizes=\"(max-width: 400px) 100vw, 400px\" \/>\t\t\t\t\t\t\t\t\t\t\t\t\t\t\t<\/div>\n\t\t\t\t<\/div>\n\t\t<div class=\"elementor-element elementor-element-c0c4328 e-con-full e-flex e-con e-child\" data-id=\"c0c4328\" data-element_type=\"container\" data-e-type=\"container\">\n\t\t\t\t<div class=\"elementor-element elementor-element-14fe137 elementor-widget elementor-widget-heading\" data-id=\"14fe137\" data-element_type=\"widget\" data-e-type=\"widget\" data-widget_type=\"heading.default\">\n\t\t\t\t\t<h4 class=\"elementor-heading-title elementor-size-default\">Casque<\/h4>\t\t\t\t<\/div>\n\t\t\t\t<div class=\"elementor-element elementor-element-a44d651 elementor-widget elementor-widget-heading\" data-id=\"a44d651\" data-element_type=\"widget\" data-e-type=\"widget\" data-widget_type=\"heading.default\">\n\t\t\t\t\t<h3 class=\"elementor-heading-title elementor-size-default\">eyerdynamic DT 770 pro<\/h3>\t\t\t\t<\/div>\n\t\t\t\t<div class=\"elementor-element elementor-element-f5294ed elementor-widget elementor-widget-text-editor\" data-id=\"f5294ed\" data-element_type=\"widget\" data-e-type=\"widget\" data-widget_type=\"text-editor.default\">\n\t\t\t\t\t\t\t\t\tVous l&#8217;aurez s\u00fbrement reconnu \u00e0 son look, Le casque Beyerdynamic DT 770 pro est utilis\u00e9 un peu partout dans les studios, radios ect.. Une autre r\u00e9f\u00e9rence qui m&#8217;accompagne depuis mes d\u00e9buts.\t\t\t\t\t\t\t\t<\/div>\n\t\t\t\t<\/div>\n\t\t\t\t<\/div>\n\t\t\t\t<div class=\"elementor-element elementor-element-a197d92 elementor-widget-divider--view-line elementor-widget elementor-widget-divider\" data-id=\"a197d92\" data-element_type=\"widget\" data-e-type=\"widget\" data-widget_type=\"divider.default\">\n\t\t\t\t\t\t\t<div class=\"elementor-divider\">\n\t\t\t<span class=\"elementor-divider-separator\">\n\t\t\t\t\t\t<\/span>\n\t\t<\/div>\n\t\t\t\t\t\t<\/div>\n\t\t<div class=\"elementor-element elementor-element-3a183d6 e-con-full e-flex e-con e-child\" data-id=\"3a183d6\" data-element_type=\"container\" data-e-type=\"container\">\n\t\t<div class=\"elementor-element elementor-element-3437a83 e-con-full e-flex e-con e-child\" data-id=\"3437a83\" data-element_type=\"container\" data-e-type=\"container\">\n\t\t\t\t<div class=\"elementor-element elementor-element-e9c4361 elementor-widget elementor-widget-image\" data-id=\"e9c4361\" data-element_type=\"widget\" data-e-type=\"widget\" data-widget_type=\"image.default\">\n\t\t\t\t\t\t\t\t\t\t\t\t\t\t\t<img loading=\"lazy\" decoding=\"async\" width=\"400\" height=\"400\" src=\"https:\/\/davidchamba.fr\/wp-content\/uploads\/2026\/03\/ENCEINTE.jpg\" class=\"attachment-large size-large wp-image-851\" alt=\"\" srcset=\"https:\/\/davidchamba.fr\/wp-content\/uploads\/2026\/03\/ENCEINTE.jpg 400w, https:\/\/davidchamba.fr\/wp-content\/uploads\/2026\/03\/ENCEINTE-300x300.jpg 300w, https:\/\/davidchamba.fr\/wp-content\/uploads\/2026\/03\/ENCEINTE-150x150.jpg 150w\" sizes=\"(max-width: 400px) 100vw, 400px\" \/>\t\t\t\t\t\t\t\t\t\t\t\t\t\t\t<\/div>\n\t\t\t\t<\/div>\n\t\t<div class=\"elementor-element elementor-element-82e65aa e-con-full e-flex e-con e-child\" data-id=\"82e65aa\" data-element_type=\"container\" data-e-type=\"container\">\n\t\t\t\t<div class=\"elementor-element elementor-element-2a288ed elementor-widget elementor-widget-heading\" data-id=\"2a288ed\" data-element_type=\"widget\" data-e-type=\"widget\" data-widget_type=\"heading.default\">\n\t\t\t\t\t<h4 class=\"elementor-heading-title elementor-size-default\">Monitoring<\/h4>\t\t\t\t<\/div>\n\t\t\t\t<div class=\"elementor-element elementor-element-745733c elementor-widget elementor-widget-heading\" data-id=\"745733c\" data-element_type=\"widget\" data-e-type=\"widget\" data-widget_type=\"heading.default\">\n\t\t\t\t\t<h3 class=\"elementor-heading-title elementor-size-default\">HS4<\/h3>\t\t\t\t<\/div>\n\t\t\t\t<div class=\"elementor-element elementor-element-dbcf2d1 elementor-widget elementor-widget-text-editor\" data-id=\"dbcf2d1\" data-element_type=\"widget\" data-e-type=\"widget\" data-widget_type=\"text-editor.default\">\n\t\t\t\t\t\t\t\t\tPlus petites que leurs grandes soeurs les HS5 ou HS7 que l&#8217;on retrouve souvent dans les studios de post prod, les HS4 conservent les m\u00eame qualit\u00e9s, mais sont plus adapt\u00e9es \u00e0 un espace de home studio.\t\t\t\t\t\t\t\t<\/div>\n\t\t\t\t<\/div>\n\t\t\t\t<\/div>\n\t\t\t\t<div class=\"elementor-element elementor-element-aa2abc3 elementor-widget-divider--view-line elementor-widget elementor-widget-divider\" data-id=\"aa2abc3\" data-element_type=\"widget\" data-e-type=\"widget\" data-widget_type=\"divider.default\">\n\t\t\t\t\t\t\t<div class=\"elementor-divider\">\n\t\t\t<span class=\"elementor-divider-separator\">\n\t\t\t\t\t\t<\/span>\n\t\t<\/div>\n\t\t\t\t\t\t<\/div>\n\t\t<div class=\"elementor-element elementor-element-b29be02 e-con-full e-flex e-con e-child\" data-id=\"b29be02\" data-element_type=\"container\" data-e-type=\"container\">\n\t\t<div class=\"elementor-element elementor-element-f17b360 e-con-full e-flex e-con e-child\" data-id=\"f17b360\" data-element_type=\"container\" data-e-type=\"container\">\n\t\t\t\t<div class=\"elementor-element elementor-element-deca3e4 elementor-widget elementor-widget-image\" data-id=\"deca3e4\" data-element_type=\"widget\" data-e-type=\"widget\" data-widget_type=\"image.default\">\n\t\t\t\t\t\t\t\t\t\t\t\t\t\t\t<img loading=\"lazy\" decoding=\"async\" width=\"400\" height=\"400\" src=\"https:\/\/davidchamba.fr\/wp-content\/uploads\/2026\/03\/assise.jpg\" class=\"attachment-large size-large wp-image-852\" alt=\"\" srcset=\"https:\/\/davidchamba.fr\/wp-content\/uploads\/2026\/03\/assise.jpg 400w, https:\/\/davidchamba.fr\/wp-content\/uploads\/2026\/03\/assise-300x300.jpg 300w, https:\/\/davidchamba.fr\/wp-content\/uploads\/2026\/03\/assise-150x150.jpg 150w\" sizes=\"(max-width: 400px) 100vw, 400px\" \/>\t\t\t\t\t\t\t\t\t\t\t\t\t\t\t<\/div>\n\t\t\t\t<\/div>\n\t\t<div class=\"elementor-element elementor-element-0a71df4 e-con-full e-flex e-con e-child\" data-id=\"0a71df4\" data-element_type=\"container\" data-e-type=\"container\">\n\t\t\t\t<div class=\"elementor-element elementor-element-c4e6fb4 elementor-widget elementor-widget-heading\" data-id=\"c4e6fb4\" data-element_type=\"widget\" data-e-type=\"widget\" data-widget_type=\"heading.default\">\n\t\t\t\t\t<h4 class=\"elementor-heading-title elementor-size-default\">L'assise<\/h4>\t\t\t\t<\/div>\n\t\t\t\t<div class=\"elementor-element elementor-element-4904141 elementor-widget elementor-widget-heading\" data-id=\"4904141\" data-element_type=\"widget\" data-e-type=\"widget\" data-widget_type=\"heading.default\">\n\t\t\t\t\t<h3 class=\"elementor-heading-title elementor-size-default\">Herman Miller Sayl<\/h3>\t\t\t\t<\/div>\n\t\t\t\t<div class=\"elementor-element elementor-element-70ebb5e elementor-widget elementor-widget-text-editor\" data-id=\"70ebb5e\" data-element_type=\"widget\" data-e-type=\"widget\" data-widget_type=\"text-editor.default\">\n\t\t\t\t\t\t\t\t\tPlus petites que leurs grandes soeurs les HS5 ou HS7 que l&#8217;on retrouve souvent dans les studios de post prod, les HS4 conservent les m\u00eame qualit\u00e9s, mais sont plus adapt\u00e9es \u00e0 un espace de home studio.\t\t\t\t\t\t\t\t<\/div>\n\t\t\t\t<\/div>\n\t\t\t\t<\/div>\n\t\t\t\t<div class=\"elementor-element elementor-element-282b0a6 elementor-widget-divider--view-line elementor-widget elementor-widget-divider\" data-id=\"282b0a6\" data-element_type=\"widget\" data-e-type=\"widget\" data-widget_type=\"divider.default\">\n\t\t\t\t\t\t\t<div class=\"elementor-divider\">\n\t\t\t<span class=\"elementor-divider-separator\">\n\t\t\t\t\t\t<\/span>\n\t\t<\/div>\n\t\t\t\t\t\t<\/div>\n\t\t<div class=\"elementor-element elementor-element-42c2f35 e-con-full e-flex e-con e-child\" data-id=\"42c2f35\" data-element_type=\"container\" data-e-type=\"container\">\n\t\t<div class=\"elementor-element elementor-element-873f712 e-con-full e-flex e-con e-child\" data-id=\"873f712\" data-element_type=\"container\" data-e-type=\"container\">\n\t\t\t\t<div class=\"elementor-element elementor-element-6abdfb5 elementor-widget elementor-widget-image\" data-id=\"6abdfb5\" data-element_type=\"widget\" data-e-type=\"widget\" data-widget_type=\"image.default\">\n\t\t\t\t\t\t\t\t\t\t\t\t\t\t\t<img loading=\"lazy\" decoding=\"async\" width=\"400\" height=\"400\" src=\"https:\/\/davidchamba.fr\/wp-content\/uploads\/2026\/03\/studio.jpg\" class=\"attachment-large size-large wp-image-856\" alt=\"\" srcset=\"https:\/\/davidchamba.fr\/wp-content\/uploads\/2026\/03\/studio.jpg 400w, https:\/\/davidchamba.fr\/wp-content\/uploads\/2026\/03\/studio-300x300.jpg 300w, https:\/\/davidchamba.fr\/wp-content\/uploads\/2026\/03\/studio-150x150.jpg 150w\" sizes=\"(max-width: 400px) 100vw, 400px\" \/>\t\t\t\t\t\t\t\t\t\t\t\t\t\t\t<\/div>\n\t\t\t\t<\/div>\n\t\t<div class=\"elementor-element elementor-element-c7218bd e-con-full e-flex e-con e-child\" data-id=\"c7218bd\" data-element_type=\"container\" data-e-type=\"container\">\n\t\t\t\t<div class=\"elementor-element elementor-element-5641c3f elementor-widget elementor-widget-heading\" data-id=\"5641c3f\" data-element_type=\"widget\" data-e-type=\"widget\" data-widget_type=\"heading.default\">\n\t\t\t\t\t<h4 class=\"elementor-heading-title elementor-size-default\">Le studio<\/h4>\t\t\t\t<\/div>\n\t\t\t\t<div class=\"elementor-element elementor-element-9d519b5 elementor-widget elementor-widget-heading\" data-id=\"9d519b5\" data-element_type=\"widget\" data-e-type=\"widget\" data-widget_type=\"heading.default\">\n\t\t\t\t\t<h3 class=\"elementor-heading-title elementor-size-default\">bo\u00eete dans la bo\u00eete<\/h3>\t\t\t\t<\/div>\n\t\t\t\t<div class=\"elementor-element elementor-element-82a2867 elementor-widget elementor-widget-text-editor\" data-id=\"82a2867\" data-element_type=\"widget\" data-e-type=\"widget\" data-widget_type=\"text-editor.default\">\n\t\t\t\t\t\t\t\t\tPlus petites que leurs grandes soeurs les HS5 ou HS7 que l&#8217;on retrouve souvent dans les studios de post prod, les HS4 conservent les m\u00eame qualit\u00e9s, mais sont plus adapt\u00e9es \u00e0 un espace de home studio.\t\t\t\t\t\t\t\t<\/div>\n\t\t\t\t<\/div>\n\t\t\t\t<\/div>\n\t\t\t\t\t<\/div>\n\t\t\t\t<\/div>\n\t\t<div class=\"elementor-element elementor-element-b46d38e e-flex e-con-boxed e-con e-parent\" data-id=\"b46d38e\" data-element_type=\"container\" data-e-type=\"container\">\n\t\t\t\t\t<div class=\"e-con-inner\">\n\t\t\t\t<div class=\"elementor-element elementor-element-2640a31 elementor-align-center elementor-widget elementor-widget-button\" data-id=\"2640a31\" data-element_type=\"widget\" data-e-type=\"widget\" data-widget_type=\"button.default\">\n\t\t\t\t\t\t\t\t\t\t<a class=\"elementor-button elementor-button-link elementor-size-sm\" href=\"https:\/\/davidchamba.fr\/index.php\/contact\/\">\n\t\t\t\t\t\t<span class=\"elementor-button-content-wrapper\">\n\t\t\t\t\t\t\t\t\t<span class=\"elementor-button-text\">Demandez un devis<\/span>\n\t\t\t\t\t<\/span>\n\t\t\t\t\t<\/a>\n\t\t\t\t\t\t\t\t<\/div>\n\t\t\t\t<div class=\"elementor-element elementor-element-b9be6ad elementor-widget elementor-widget-spacer\" data-id=\"b9be6ad\" data-element_type=\"widget\" data-e-type=\"widget\" data-widget_type=\"spacer.default\">\n\t\t\t\t\t\t\t<div class=\"elementor-spacer\">\n\t\t\t<div class=\"elementor-spacer-inner\"><\/div>\n\t\t<\/div>\n\t\t\t\t\t\t<\/div>\n\t\t\t\t\t<\/div>\n\t\t\t\t<\/div>\n\t\t\t\t<\/div>\n\t\t","protected":false},"excerpt":{"rendered":"<p>le studio Envie de d\u00e9couvrir l&#8217;envers du d\u00e9cor ? Un enregistrement sans compromis, une qualit\u00e9 broadcast et la possibilit\u00e9 de travailler avec le monde entier \u00e0 distance via des sessions live; voil\u00e0 ce que vous offre mon studio. Il a \u00e9t\u00e9 pens\u00e9 pour r\u00e9pondre aux normes professionnelles et dans la volont\u00e9 de vous satisfaire pleinement. [&hellip;]<\/p>\n","protected":false},"author":1,"featured_media":0,"parent":0,"menu_order":0,"comment_status":"closed","ping_status":"closed","template":"","meta":{"footnotes":""},"class_list":["post-210","page","type-page","status-publish","hentry"],"_links":{"self":[{"href":"https:\/\/davidchamba.fr\/index.php\/wp-json\/wp\/v2\/pages\/210","targetHints":{"allow":["GET"]}}],"collection":[{"href":"https:\/\/davidchamba.fr\/index.php\/wp-json\/wp\/v2\/pages"}],"about":[{"href":"https:\/\/davidchamba.fr\/index.php\/wp-json\/wp\/v2\/types\/page"}],"author":[{"embeddable":true,"href":"https:\/\/davidchamba.fr\/index.php\/wp-json\/wp\/v2\/users\/1"}],"replies":[{"embeddable":true,"href":"https:\/\/davidchamba.fr\/index.php\/wp-json\/wp\/v2\/comments?post=210"}],"version-history":[{"count":79,"href":"https:\/\/davidchamba.fr\/index.php\/wp-json\/wp\/v2\/pages\/210\/revisions"}],"predecessor-version":[{"id":1047,"href":"https:\/\/davidchamba.fr\/index.php\/wp-json\/wp\/v2\/pages\/210\/revisions\/1047"}],"wp:attachment":[{"href":"https:\/\/davidchamba.fr\/index.php\/wp-json\/wp\/v2\/media?parent=210"}],"curies":[{"name":"wp","href":"https:\/\/api.w.org\/{rel}","templated":true}]}}